{"id":93,"date":"2022-12-08T09:47:30","date_gmt":"2022-12-08T09:47:30","guid":{"rendered":"https:\/\/terresdiroise.fr\/?post_type=product&#038;p=93"},"modified":"2022-12-08T09:47:30","modified_gmt":"2022-12-08T09:47:30","slug":"vase-straciatella","status":"publish","type":"product","link":"https:\/\/terresdiroise.fr\/?product=vase-straciatella","title":{"rendered":"Vase &#8220;Straciatella&#8221;"},"content":{"rendered":"<p>Vase en terres m\u00eal\u00e9es<\/p>\n<p>Poids: 0,84kg<\/p>\n<p>Diam\u00e8tre: 13,5cm<\/p>\n<p>Hauteur: 15cm<\/p>\n","protected":false},"excerpt":{"rendered":"<p>Vase en terres m\u00eal\u00e9es Poids: 0,84kg Diam\u00e8tre: 13,5cm Hauteur: 15cm<\/p>\n","protected":false},"featured_media":94,"template":"","meta":[],"product_cat":[18],"product_tag":[],"class_list":{"0":"post-93","1":"product","2":"type-product","3":"status-publish","4":"has-post-thumbnail","6":"product_cat-vase","8":"first","9":"instock","10":"shipping-taxable","11":"purchasable","12":"product-type-simple"},"_links":{"self":[{"href":"https:\/\/terresdiroise.fr\/index.php?rest_route=\/wp\/v2\/product\/93","targetHints":{"allow":["GET"]}}],"collection":[{"href":"https:\/\/terresdiroise.fr\/index.php?rest_route=\/wp\/v2\/product"}],"about":[{"href":"https:\/\/terresdiroise.fr\/index.php?rest_route=\/wp\/v2\/types\/product"}],"wp:featuredmedia":[{"embeddable":true,"href":"https:\/\/terresdiroise.fr\/index.php?rest_route=\/wp\/v2\/media\/94"}],"wp:attachment":[{"href":"https:\/\/terresdiroise.fr\/index.php?rest_route=%2Fwp%2Fv2%2Fmedia&parent=93"}],"wp:term":[{"taxonomy":"product_cat","embeddable":true,"href":"https:\/\/terresdiroise.fr\/index.php?rest_route=%2Fwp%2Fv2%2Fproduct_cat&post=93"},{"taxonomy":"product_tag","embeddable":true,"href":"https:\/\/terresdiroise.fr\/index.php?rest_route=%2Fwp%2Fv2%2Fproduct_tag&post=93"}],"curies":[{"name":"wp","href":"https:\/\/api.w.org\/{rel}","templated":true}]}}