{"id":80,"date":"2022-12-08T09:49:27","date_gmt":"2022-12-08T09:49:27","guid":{"rendered":"https:\/\/terresdiroise.fr\/?post_type=product&#038;p=80"},"modified":"2023-02-08T12:09:41","modified_gmt":"2023-02-08T12:09:41","slug":"saladier-pois","status":"publish","type":"product","link":"https:\/\/terresdiroise.fr\/?product=saladier-pois","title":{"rendered":"Saladier &#8220;Pois&#8221;"},"content":{"rendered":"<p>Saladier en terre ocre<\/p>\n<p>D\u00e9cor c\u00e9ladon et curry<\/p>\n<p>Poids: 0,73 kg<\/p>\n<p>Diam\u00e8tre: 16 cm<\/p>\n<p>Hauteur: 9 cm<\/p>\n","protected":false},"excerpt":{"rendered":"<p>Saladier en terre ocre D\u00e9cor c\u00e9ladon et curry Poids: 0,73 kg Diam\u00e8tre: 16 cm Hauteur: 9 cm<\/p>\n","protected":false},"featured_media":81,"template":"","meta":[],"product_cat":[20],"product_tag":[],"class_list":{"0":"post-80","1":"product","2":"type-product","3":"status-publish","4":"has-post-thumbnail","6":"product_cat-saladier","8":"first","9":"outofstock","10":"shipping-taxable","11":"purchasable","12":"product-type-simple"},"_links":{"self":[{"href":"https:\/\/terresdiroise.fr\/index.php?rest_route=\/wp\/v2\/product\/80","targetHints":{"allow":["GET"]}}],"collection":[{"href":"https:\/\/terresdiroise.fr\/index.php?rest_route=\/wp\/v2\/product"}],"about":[{"href":"https:\/\/terresdiroise.fr\/index.php?rest_route=\/wp\/v2\/types\/product"}],"wp:featuredmedia":[{"embeddable":true,"href":"https:\/\/terresdiroise.fr\/index.php?rest_route=\/wp\/v2\/media\/81"}],"wp:attachment":[{"href":"https:\/\/terresdiroise.fr\/index.php?rest_route=%2Fwp%2Fv2%2Fmedia&parent=80"}],"wp:term":[{"taxonomy":"product_cat","embeddable":true,"href":"https:\/\/terresdiroise.fr\/index.php?rest_route=%2Fwp%2Fv2%2Fproduct_cat&post=80"},{"taxonomy":"product_tag","embeddable":true,"href":"https:\/\/terresdiroise.fr\/index.php?rest_route=%2Fwp%2Fv2%2Fproduct_tag&post=80"}],"curies":[{"name":"wp","href":"https:\/\/api.w.org\/{rel}","templated":true}]}}