{"id":346,"date":"2022-12-13T15:53:37","date_gmt":"2022-12-13T15:53:37","guid":{"rendered":"https:\/\/terresdiroise.fr\/?post_type=product&#038;p=346"},"modified":"2022-12-16T18:42:02","modified_gmt":"2022-12-16T18:42:02","slug":"saladier-gwaien","status":"publish","type":"product","link":"https:\/\/terresdiroise.fr\/?product=saladier-gwaien","title":{"rendered":"Saladier &#8220;Gwa\u00efen &#8220;"},"content":{"rendered":"<p>Saladier en terres m\u00eal\u00e9es<\/p>\n<p>D\u00e9cor bleu fonc\u00e9,\u00a0 marbrures noires et pois blancs<\/p>\n<p>Poids: 1,4kg<\/p>\n<p>Diam\u00e8tre: 22cm<\/p>\n<p>Hauteur: 12cm<\/p>\n<p>Vendu sans les oranges&#x1f600;<\/p>\n","protected":false},"excerpt":{"rendered":"<p>Saladier en terres m\u00eal\u00e9es D\u00e9cor bleu fonc\u00e9,\u00a0 marbrures noires et pois blancs Poids: 1,4kg Diam\u00e8tre: 22cm Hauteur: 12cm Vendu sans les oranges&#x1f600;<\/p>\n","protected":false},"featured_media":342,"template":"","meta":[],"product_cat":[20],"product_tag":[],"class_list":{"0":"post-346","1":"product","2":"type-product","3":"status-publish","4":"has-post-thumbnail","6":"product_cat-saladier","8":"first","9":"outofstock","10":"shipping-taxable","11":"purchasable","12":"product-type-simple"},"_links":{"self":[{"href":"https:\/\/terresdiroise.fr\/index.php?rest_route=\/wp\/v2\/product\/346","targetHints":{"allow":["GET"]}}],"collection":[{"href":"https:\/\/terresdiroise.fr\/index.php?rest_route=\/wp\/v2\/product"}],"about":[{"href":"https:\/\/terresdiroise.fr\/index.php?rest_route=\/wp\/v2\/types\/product"}],"wp:featuredmedia":[{"embeddable":true,"href":"https:\/\/terresdiroise.fr\/index.php?rest_route=\/wp\/v2\/media\/342"}],"wp:attachment":[{"href":"https:\/\/terresdiroise.fr\/index.php?rest_route=%2Fwp%2Fv2%2Fmedia&parent=346"}],"wp:term":[{"taxonomy":"product_cat","embeddable":true,"href":"https:\/\/terresdiroise.fr\/index.php?rest_route=%2Fwp%2Fv2%2Fproduct_cat&post=346"},{"taxonomy":"product_tag","embeddable":true,"href":"https:\/\/terresdiroise.fr\/index.php?rest_route=%2Fwp%2Fv2%2Fproduct_tag&post=346"}],"curies":[{"name":"wp","href":"https:\/\/api.w.org\/{rel}","templated":true}]}}