{"id":121,"date":"2022-12-08T09:40:52","date_gmt":"2022-12-08T09:40:52","guid":{"rendered":"https:\/\/terresdiroise.fr\/?post_type=product&#038;p=121"},"modified":"2022-12-09T10:01:12","modified_gmt":"2022-12-09T10:01:12","slug":"saladier-glazik","status":"publish","type":"product","link":"https:\/\/terresdiroise.fr\/?product=saladier-glazik","title":{"rendered":"Saladier &#8220;Glazik&#8221;"},"content":{"rendered":"<p>Saladier en terre blanche<\/p>\n<p>D\u00e9cor d\u00e9grad\u00e9 de bleu\/vert et blanc<\/p>\n<p>Poids: 0,85kg<\/p>\n<p>Diam\u00e8tre: 20cm<\/p>\n<p>Hauteur: 11cm<\/p>\n","protected":false},"excerpt":{"rendered":"<p>Saladier en terre blanche D\u00e9cor d\u00e9grad\u00e9 de bleu\/vert et blanc Poids: 0,85kg Diam\u00e8tre: 20cm Hauteur: 11cm<\/p>\n","protected":false},"featured_media":122,"template":"","meta":[],"product_cat":[20],"product_tag":[],"class_list":{"0":"post-121","1":"product","2":"type-product","3":"status-publish","4":"has-post-thumbnail","6":"product_cat-saladier","8":"first","9":"outofstock","10":"shipping-taxable","11":"purchasable","12":"product-type-simple"},"_links":{"self":[{"href":"https:\/\/terresdiroise.fr\/index.php?rest_route=\/wp\/v2\/product\/121","targetHints":{"allow":["GET"]}}],"collection":[{"href":"https:\/\/terresdiroise.fr\/index.php?rest_route=\/wp\/v2\/product"}],"about":[{"href":"https:\/\/terresdiroise.fr\/index.php?rest_route=\/wp\/v2\/types\/product"}],"wp:featuredmedia":[{"embeddable":true,"href":"https:\/\/terresdiroise.fr\/index.php?rest_route=\/wp\/v2\/media\/122"}],"wp:attachment":[{"href":"https:\/\/terresdiroise.fr\/index.php?rest_route=%2Fwp%2Fv2%2Fmedia&parent=121"}],"wp:term":[{"taxonomy":"product_cat","embeddable":true,"href":"https:\/\/terresdiroise.fr\/index.php?rest_route=%2Fwp%2Fv2%2Fproduct_cat&post=121"},{"taxonomy":"product_tag","embeddable":true,"href":"https:\/\/terresdiroise.fr\/index.php?rest_route=%2Fwp%2Fv2%2Fproduct_tag&post=121"}],"curies":[{"name":"wp","href":"https:\/\/api.w.org\/{rel}","templated":true}]}}