{"id":115,"date":"2022-12-08T09:46:12","date_gmt":"2022-12-08T09:46:12","guid":{"rendered":"https:\/\/terresdiroise.fr\/?post_type=product&#038;p=115"},"modified":"2022-12-08T09:46:13","modified_gmt":"2022-12-08T09:46:13","slug":"pots-stripes","status":"publish","type":"product","link":"https:\/\/terresdiroise.fr\/?product=pots-stripes","title":{"rendered":"Pots &#8220;Stripes&#8221;"},"content":{"rendered":"<p>Lot de 3 pots en terre blanche<\/p>\n<p>D\u00e9cor curry, lilas et c\u00e9ladon<\/p>\n<p>Diff\u00e9rentes tailles, diff\u00e9rentes formes.<\/p>\n<p>Poids: entre 0,2 et 0,3kg<\/p>\n<p>Diam\u00e8tre: entre 5 et 9 cm<\/p>\n<p>Hauteur: entre 5 et 7 cm<\/p>\n","protected":false},"excerpt":{"rendered":"<p>Lot de 3 pots en terre blanche D\u00e9cor curry, lilas et c\u00e9ladon Diff\u00e9rentes tailles, diff\u00e9rentes formes. Poids: entre 0,2 et 0,3kg Diam\u00e8tre: entre 5 et 9 cm Hauteur: entre 5 et 7 cm<\/p>\n","protected":false},"featured_media":117,"template":"","meta":[],"product_cat":[29],"product_tag":[],"class_list":{"0":"post-115","1":"product","2":"type-product","3":"status-publish","4":"has-post-thumbnail","6":"product_cat-objet-non-identifie","8":"first","9":"instock","10":"shipping-taxable","11":"purchasable","12":"product-type-simple"},"_links":{"self":[{"href":"https:\/\/terresdiroise.fr\/index.php?rest_route=\/wp\/v2\/product\/115","targetHints":{"allow":["GET"]}}],"collection":[{"href":"https:\/\/terresdiroise.fr\/index.php?rest_route=\/wp\/v2\/product"}],"about":[{"href":"https:\/\/terresdiroise.fr\/index.php?rest_route=\/wp\/v2\/types\/product"}],"wp:featuredmedia":[{"embeddable":true,"href":"https:\/\/terresdiroise.fr\/index.php?rest_route=\/wp\/v2\/media\/117"}],"wp:attachment":[{"href":"https:\/\/terresdiroise.fr\/index.php?rest_route=%2Fwp%2Fv2%2Fmedia&parent=115"}],"wp:term":[{"taxonomy":"product_cat","embeddable":true,"href":"https:\/\/terresdiroise.fr\/index.php?rest_route=%2Fwp%2Fv2%2Fproduct_cat&post=115"},{"taxonomy":"product_tag","embeddable":true,"href":"https:\/\/terresdiroise.fr\/index.php?rest_route=%2Fwp%2Fv2%2Fproduct_tag&post=115"}],"curies":[{"name":"wp","href":"https:\/\/api.w.org\/{rel}","templated":true}]}}